{"id":2193,"date":"2011-08-26T00:16:04","date_gmt":"2011-08-26T04:46:04","guid":{"rendered":"https:\/\/skatox.com\/blog\/?page_id=2193"},"modified":"2023-06-16T15:05:39","modified_gmt":"2023-06-16T20:05:39","slug":"jquery-archive-list-widget","status":"publish","type":"page","link":"https:\/\/skatox.com\/blog\/jquery-archive-list-widget\/","title":{"rendered":"JS Archive List Widget"},"content":{"rendered":"\n<p>Thank you for using my plugin! I started it as a personal project then released to the public, where it has been used by a lot of people. If you like it, please give 5 starts \ud83d\ude42 or donate at the link below.<\/p>\n\n\n\n<h2 class=\"wp-block-heading\">What it does?<\/h2>\n\n\n\n<ol class=\"wp-block-list\">\n<li>Support for Gutenberg blocks. Add it to any FSE theme or Gutenberg compatible theme.<\/li>\n\n\n\n<li>Display a collapsed list of your archives to reduce space.<\/li>\n\n\n\n<li>Uses vanilla JS to add effects and to be compatible with all browsers.<\/li>\n\n\n\n<li>Select your expand\/collapse symbol and date format.<\/li>\n\n\n\n<li>Support for archive filters.<\/li>\n\n\n\n<li>Auto expands current\/select year from posts.<\/li>\n\n\n\n<li>Select the categories to exclude<\/li>\n\n\n\n<li>Multiple instances support.<\/li>\n\n\n\n<li>Shortcode support <em>[ JsArchiveList ] <\/em><\/li>\n\n\n\n<li>Generates valid HTML code.<\/li>\n\n\n\n<li>Supports multiple languages.<\/li>\n\n\n\n<li>Compatible with most JS cache and minify plugins.<\/li>\n\n\n\n<li>And more to come\u2026<\/li>\n<\/ol>\n\n\n\n<h2 class=\"wp-block-heading\">I like the plugin! How can I donate?<\/h2>\n\n\n\n<p>If you like my work please contribute with any amount, with your help I can dedicate more time to work on this plugin and bring new features or fix bugs. Or it will help me to buy some pizza to code more stuff.<\/p>\n\n\n\n<div class=\"wp-block-buttons is-content-justification-center is-layout-flex wp-container-core-buttons-is-layout-16018d1d wp-block-buttons-is-layout-flex\">\n<div class=\"wp-block-button has-custom-font-size has-large-font-size\"><a class=\"wp-block-button__link has-black-color has-luminous-vivid-amber-background-color has-text-color has-background wp-element-button\" href=\"https:\/\/www.paypal.com\/paypalme\/skatox\/25\" target=\"_blank\" rel=\"noreferrer noopener\">Donate to El Weblog de Skatox<\/a><\/div>\n<\/div>\n\n\n\n<h2 class=\"wp-block-heading\">My plugin doesn&#8217;t work<\/h2>\n\n\n\n<p>Please go to the\u00a0<a title=\"Official FAQ\" href=\"https:\/\/wordpress.org\/extend\/plugins\/jquery-archive-list-widget\/faq\/\" target=\"_blank\" rel=\"noopener\">FAQ<\/a> section at plugin&#8217;s WordPress site and read the common problems before posting a comment at the support forum. The quickest way is to mail me from this <a href=\"\/blog\/contacto\" target=\"_blank\" rel=\"noopener\">page&#8217;s contact section<\/a> or post in the support forum and give me some days to answer.<\/p>\n\n\n\n<h2 class=\"wp-block-heading\">I have an idea for the plugin or some new feature<\/h2>\n\n\n\n<p>You can <a href=\"\/blog\/contacto\" target=\"_blank\" rel=\"noopener\">contact me<\/a> to suggest new features but I <strong>prefer to receive some code\/patches, <\/strong>if they&#8217;re good I will include it on it. I&#8217;ve already added some features developed by other programmers (check source code for information).<\/p>\n\n\n\n<h2 class=\"wp-block-heading\">I need to make some great modification or receive some commercial support<\/h2>\n\n\n\n<p>You can get commercial support at <a href=\"https:\/\/migueluseche.com\" target=\"_blank\" rel=\"noreferrer noopener\">migueluseche.com<\/a>, this will help you to do some customization, add custom features or fix a problem in your website.<\/p>\n\n\n\n<h2 class=\"wp-block-heading\">Where can i get more information?<\/h2>\n\n\n\n<p>Check the<a href=\"https:\/\/wordpress.org\/extend\/plugins\/jquery-archive-list-widget\/\" target=\"_blank\" rel=\"noopener\"> plugin&#8217;s WordPress site<\/a>. It contains some installation information, screenshots, frequently asked questions, support forum, check older versions, compatibility issues, etc.<\/p>\n","protected":false},"excerpt":{"rendered":"<p>Thank you for using my plugin! I started it as a personal project then released to the public, where it has been used by a&#8230;<\/p>\n<div class=\"more-link-wrapper\"><a class=\"more-link\" href=\"https:\/\/skatox.com\/blog\/jquery-archive-list-widget\/\">Seguir leyendo<span class=\"screen-reader-text\">JS Archive List Widget<\/span><\/a><\/div>\n","protected":false},"author":2,"featured_media":0,"parent":0,"menu_order":0,"comment_status":"open","ping_status":"open","template":"","meta":{"jetpack_post_was_ever_published":false,"footnotes":""},"class_list":["post-2193","page","type-page","status-publish","hentry","entry"],"yoast_head":"<!-- This site is optimized with the Yoast SEO plugin v27.5 - https:\/\/yoast.com\/product\/yoast-seo-wordpress\/ -->\n<title>JS Archive List Widget - El blog de Skatox<\/title>\n<meta name=\"robots\" content=\"index, follow, max-snippet:-1, max-image-preview:large, max-video-preview:-1\" \/>\n<link rel=\"canonical\" href=\"https:\/\/skatox.com\/blog\/jquery-archive-list-widget\/\" \/>\n<meta property=\"og:locale\" content=\"es_ES\" \/>\n<meta property=\"og:type\" content=\"article\" \/>\n<meta property=\"og:title\" content=\"JS Archive List Widget - El blog de Skatox\" \/>\n<meta property=\"og:description\" content=\"Thank you for using my plugin! I started it as a personal project then released to the public, where it has been used by a&#8230;\" \/>\n<meta property=\"og:url\" content=\"https:\/\/skatox.com\/blog\/jquery-archive-list-widget\/\" \/>\n<meta property=\"og:site_name\" content=\"El blog de Skatox\" \/>\n<meta property=\"article:publisher\" content=\"https:\/\/www.facebook.com\/ElWeblogdeSkatox\/\" \/>\n<meta property=\"article:modified_time\" content=\"2023-06-16T20:05:39+00:00\" \/>\n<meta property=\"og:image\" content=\"https:\/\/skatox.com\/blog\/images\/2015\/12\/skatux.png\" \/>\n\t<meta property=\"og:image:width\" content=\"625\" \/>\n\t<meta property=\"og:image:height\" content=\"603\" \/>\n\t<meta property=\"og:image:type\" content=\"image\/png\" \/>\n<meta name=\"twitter:card\" content=\"summary_large_image\" \/>\n<meta name=\"twitter:site\" content=\"@skatox\" \/>\n<meta name=\"twitter:label1\" content=\"Tiempo de lectura\" \/>\n\t<meta name=\"twitter:data1\" content=\"2 minutos\" \/>\n<script type=\"application\/ld+json\" class=\"yoast-schema-graph\">{\"@context\":\"https:\\\/\\\/schema.org\",\"@graph\":[{\"@type\":\"WebPage\",\"@id\":\"https:\\\/\\\/skatox.com\\\/blog\\\/jquery-archive-list-widget\\\/\",\"url\":\"https:\\\/\\\/skatox.com\\\/blog\\\/jquery-archive-list-widget\\\/\",\"name\":\"JS Archive List Widget - El blog de Skatox\",\"isPartOf\":{\"@id\":\"https:\\\/\\\/skatox.com\\\/blog\\\/#website\"},\"datePublished\":\"2011-08-26T04:46:04+00:00\",\"dateModified\":\"2023-06-16T20:05:39+00:00\",\"breadcrumb\":{\"@id\":\"https:\\\/\\\/skatox.com\\\/blog\\\/jquery-archive-list-widget\\\/#breadcrumb\"},\"inLanguage\":\"es\",\"potentialAction\":[{\"@type\":\"ReadAction\",\"target\":[\"https:\\\/\\\/skatox.com\\\/blog\\\/jquery-archive-list-widget\\\/\"]}]},{\"@type\":\"BreadcrumbList\",\"@id\":\"https:\\\/\\\/skatox.com\\\/blog\\\/jquery-archive-list-widget\\\/#breadcrumb\",\"itemListElement\":[{\"@type\":\"ListItem\",\"position\":1,\"name\":\"Portada\",\"item\":\"https:\\\/\\\/skatox.com\\\/blog\\\/\"},{\"@type\":\"ListItem\",\"position\":2,\"name\":\"JS Archive List Widget\"}]},{\"@type\":\"WebSite\",\"@id\":\"https:\\\/\\\/skatox.com\\\/blog\\\/#website\",\"url\":\"https:\\\/\\\/skatox.com\\\/blog\\\/\",\"name\":\"El blog de Skatox\",\"description\":\"Compartiendo mis opiniones inform\u00e1ticas mas all\u00e1 de los 280 caracteres\",\"publisher\":{\"@id\":\"https:\\\/\\\/skatox.com\\\/blog\\\/#organization\"},\"potentialAction\":[{\"@type\":\"SearchAction\",\"target\":{\"@type\":\"EntryPoint\",\"urlTemplate\":\"https:\\\/\\\/skatox.com\\\/blog\\\/?s={search_term_string}\"},\"query-input\":{\"@type\":\"PropertyValueSpecification\",\"valueRequired\":true,\"valueName\":\"search_term_string\"}}],\"inLanguage\":\"es\"},{\"@type\":\"Organization\",\"@id\":\"https:\\\/\\\/skatox.com\\\/blog\\\/#organization\",\"name\":\"El blog de Skatox\",\"url\":\"https:\\\/\\\/skatox.com\\\/blog\\\/\",\"logo\":{\"@type\":\"ImageObject\",\"inLanguage\":\"es\",\"@id\":\"https:\\\/\\\/skatox.com\\\/blog\\\/#\\\/schema\\\/logo\\\/image\\\/\",\"url\":\"https:\\\/\\\/skatox.com\\\/blog\\\/images\\\/2022\\\/03\\\/tux.png\",\"contentUrl\":\"https:\\\/\\\/skatox.com\\\/blog\\\/images\\\/2022\\\/03\\\/tux.png\",\"width\":218,\"height\":218,\"caption\":\"El blog de Skatox\"},\"image\":{\"@id\":\"https:\\\/\\\/skatox.com\\\/blog\\\/#\\\/schema\\\/logo\\\/image\\\/\"},\"sameAs\":[\"https:\\\/\\\/www.facebook.com\\\/ElWeblogdeSkatox\\\/\",\"https:\\\/\\\/x.com\\\/skatox\",\"https:\\\/\\\/www.linkedin.com\\\/in\\\/skatox\\\/\",\"https:\\\/\\\/www.youtube.com\\\/c\\\/MiguelAngelUsecheCastro\",\"https:\\\/\\\/x.com\\\/skatox\\\/\"]}]}<\/script>\n<!-- \/ Yoast SEO plugin. -->","yoast_head_json":{"title":"JS Archive List Widget - El blog de Skatox","robots":{"index":"index","follow":"follow","max-snippet":"max-snippet:-1","max-image-preview":"max-image-preview:large","max-video-preview":"max-video-preview:-1"},"canonical":"https:\/\/skatox.com\/blog\/jquery-archive-list-widget\/","og_locale":"es_ES","og_type":"article","og_title":"JS Archive List Widget - El blog de Skatox","og_description":"Thank you for using my plugin! I started it as a personal project then released to the public, where it has been used by a&#8230;","og_url":"https:\/\/skatox.com\/blog\/jquery-archive-list-widget\/","og_site_name":"El blog de Skatox","article_publisher":"https:\/\/www.facebook.com\/ElWeblogdeSkatox\/","article_modified_time":"2023-06-16T20:05:39+00:00","og_image":[{"width":625,"height":603,"url":"https:\/\/skatox.com\/blog\/images\/2015\/12\/skatux.png","type":"image\/png"}],"twitter_card":"summary_large_image","twitter_site":"@skatox","twitter_misc":{"Tiempo de lectura":"2 minutos"},"schema":{"@context":"https:\/\/schema.org","@graph":[{"@type":"WebPage","@id":"https:\/\/skatox.com\/blog\/jquery-archive-list-widget\/","url":"https:\/\/skatox.com\/blog\/jquery-archive-list-widget\/","name":"JS Archive List Widget - El blog de Skatox","isPartOf":{"@id":"https:\/\/skatox.com\/blog\/#website"},"datePublished":"2011-08-26T04:46:04+00:00","dateModified":"2023-06-16T20:05:39+00:00","breadcrumb":{"@id":"https:\/\/skatox.com\/blog\/jquery-archive-list-widget\/#breadcrumb"},"inLanguage":"es","potentialAction":[{"@type":"ReadAction","target":["https:\/\/skatox.com\/blog\/jquery-archive-list-widget\/"]}]},{"@type":"BreadcrumbList","@id":"https:\/\/skatox.com\/blog\/jquery-archive-list-widget\/#breadcrumb","itemListElement":[{"@type":"ListItem","position":1,"name":"Portada","item":"https:\/\/skatox.com\/blog\/"},{"@type":"ListItem","position":2,"name":"JS Archive List Widget"}]},{"@type":"WebSite","@id":"https:\/\/skatox.com\/blog\/#website","url":"https:\/\/skatox.com\/blog\/","name":"El blog de Skatox","description":"Compartiendo mis opiniones inform\u00e1ticas mas all\u00e1 de los 280 caracteres","publisher":{"@id":"https:\/\/skatox.com\/blog\/#organization"},"potentialAction":[{"@type":"SearchAction","target":{"@type":"EntryPoint","urlTemplate":"https:\/\/skatox.com\/blog\/?s={search_term_string}"},"query-input":{"@type":"PropertyValueSpecification","valueRequired":true,"valueName":"search_term_string"}}],"inLanguage":"es"},{"@type":"Organization","@id":"https:\/\/skatox.com\/blog\/#organization","name":"El blog de Skatox","url":"https:\/\/skatox.com\/blog\/","logo":{"@type":"ImageObject","inLanguage":"es","@id":"https:\/\/skatox.com\/blog\/#\/schema\/logo\/image\/","url":"https:\/\/skatox.com\/blog\/images\/2022\/03\/tux.png","contentUrl":"https:\/\/skatox.com\/blog\/images\/2022\/03\/tux.png","width":218,"height":218,"caption":"El blog de Skatox"},"image":{"@id":"https:\/\/skatox.com\/blog\/#\/schema\/logo\/image\/"},"sameAs":["https:\/\/www.facebook.com\/ElWeblogdeSkatox\/","https:\/\/x.com\/skatox","https:\/\/www.linkedin.com\/in\/skatox\/","https:\/\/www.youtube.com\/c\/MiguelAngelUsecheCastro","https:\/\/x.com\/skatox\/"]}]}},"jetpack_sharing_enabled":true,"jetpack-related-posts":[{"id":2196,"url":"https:\/\/skatox.com\/blog\/jquery-categories-list-widget\/","url_meta":{"origin":2193,"position":0},"title":"JS Categories List Widget","author":"Miguel Useche","date":"11 de septiembre de 2011","format":false,"excerpt":"Thank you for using my plugin! I started it as a personal project then released to the public, where it has been used by a lot of people. If you like it, please give 5 starts :) or donate at the link below. What it does? Support for Gutenberg blocks.\u2026","rel":"","context":"Con 2 comentarios","block_context":{"text":"Con 2 comentarios","link":"https:\/\/skatox.com\/blog\/jquery-categories-list-widget\/#comments"},"img":{"alt_text":"","src":"","width":0,"height":0},"classes":[]},{"id":2032,"url":"https:\/\/skatox.com\/blog\/herramientas-usadas-en-este-blog\/","url_meta":{"origin":2193,"position":1},"title":"Herramientas usadas en este Blog","author":"Miguel Useche","date":"28 de octubre de 2010","format":false,"excerpt":"Bueno para la creaci\u00f3n de este blog, por filosof\u00eda trat\u00e9 de usar herramientas de C\u00f3digo Abierto y para los que tienen curiosidad cu\u00e1les fueron a continuaci\u00f3n\u00a0 pueden conocerlas: WordPress: Desde el 2006 a\u00f1os es el motor o sistema para la parte del blog, permite escribir, organizar, mostrar y pr\u00e1cticamente el\u2026","rel":"","context":"Entrada similar","block_context":{"text":"Entrada similar","link":""},"img":{"alt_text":"","src":"","width":0,"height":0},"classes":[]}],"_links":{"self":[{"href":"https:\/\/skatox.com\/blog\/wp-json\/wp\/v2\/pages\/2193","targetHints":{"allow":["GET"]}}],"collection":[{"href":"https:\/\/skatox.com\/blog\/wp-json\/wp\/v2\/pages"}],"about":[{"href":"https:\/\/skatox.com\/blog\/wp-json\/wp\/v2\/types\/page"}],"author":[{"embeddable":true,"href":"https:\/\/skatox.com\/blog\/wp-json\/wp\/v2\/users\/2"}],"replies":[{"embeddable":true,"href":"https:\/\/skatox.com\/blog\/wp-json\/wp\/v2\/comments?post=2193"}],"version-history":[{"count":0,"href":"https:\/\/skatox.com\/blog\/wp-json\/wp\/v2\/pages\/2193\/revisions"}],"wp:attachment":[{"href":"https:\/\/skatox.com\/blog\/wp-json\/wp\/v2\/media?parent=2193"}],"curies":[{"name":"wp","href":"https:\/\/api.w.org\/{rel}","templated":true}]}}